{"id":117,"date":"2020-01-17T10:24:19","date_gmt":"2020-01-17T10:24:19","guid":{"rendered":"https:\/\/vsnet.de\/?page_id=117"},"modified":"2021-12-07T18:32:45","modified_gmt":"2021-12-07T18:32:45","slug":"qualitaetsmanagement","status":"publish","type":"page","link":"https:\/\/vsnet.de\/index.php\/qualitaetsmanagement\/","title":{"rendered":"Business Inteligence"},"content":{"rendered":"<p>[et_pb_section fb_built=&#8220;1&#8243; admin_label=&#8220;Page Title Section&#8220; _builder_version=&#8220;4.1&#8243; use_background_color_gradient=&#8220;on&#8220; background_color_gradient_start=&#8220;#014d5d&#8220; background_color_gradient_end=&#8220;rgba(0,0,0,0)&#8220; background_color_gradient_direction=&#8220;120deg&#8220; background_color_gradient_overlays_image=&#8220;on&#8220; background_image=&#8220;https:\/\/vsnet.de\/wp-content\/uploads\/2020\/02\/shutterstock_371704624-Kopie.jpg&#8220; custom_padding=&#8220;110px||110px|&#8220;][et_pb_row column_structure=&#8220;3_4,1_4&#8243; admin_label=&#8220;Page Title Area&#8220; _builder_version=&#8220;4.1&#8243; background_size=&#8220;initial&#8220; background_position=&#8220;top_left&#8220; background_repeat=&#8220;repeat&#8220;][et_pb_column type=&#8220;3_4&#8243; _builder_version=&#8220;3.25&#8243; custom_padding=&#8220;|||&#8220; custom_padding__hover=&#8220;|||&#8220;][et_pb_text admin_label=&#8220;Title&#8220; _builder_version=&#8220;3.27.4&#8243; text_font=&#8220;||||||||&#8220; header_font=&#8220;Poppins|600|||||||&#8220; header_font_size=&#8220;60px&#8220; header_line_height=&#8220;1.2em&#8220; header_2_font=&#8220;||||||||&#8220; header_2_font_size=&#8220;60px&#8220; background_layout=&#8220;dark&#8220; custom_margin=&#8220;||20px|&#8220; custom_padding=&#8220;|||&#8220; animation_style=&#8220;fade&#8220; header_font_size_tablet=&#8220;&#8220; header_font_size_phone=&#8220;40px&#8220; header_font_size_last_edited=&#8220;on|phone&#8220;]<\/p>\n<h1>Business Inteligence<\/h1>\n<h1>&#8211; Big Data L\u00f6sungen &#8211;<\/h1>\n<p>[\/et_pb_text][et_pb_text admin_label=&#8220;Page Subtitle&#8220; _builder_version=&#8220;3.27.4&#8243; text_font=&#8220;Poppins||||||||&#8220; text_font_size=&#8220;18px&#8220; text_line_height=&#8220;1.8em&#8220; header_font=&#8220;||||||||&#8220; background_layout=&#8220;dark&#8220; animation_style=&#8220;fade&#8220; custom_padding=&#8220;||0px|||&#8220;]<\/p>\n<p><span>\u00dcberall stehen Unternehmen heute vor der schwierigen Aufgabe, konsolidierte und qualitative hochwertige Informationen f\u00fcr das ganze Unternehmen zur Verf\u00fcgung zu stellen, ohne dadurch die Betriebskosten in die H\u00f6he zu treiben. Gleichzeitig soll der bunten Mischung aus Hard- und Softwareressourcen Rechnung getragen werden, die im Zuge wiederholter Umstrukturierungs-, Wachstums- und Fusionsprozesse entsteht.<\/span><\/p>\n<p>[\/et_pb_text][\/et_pb_column][et_pb_column type=&#8220;1_4&#8243; _builder_version=&#8220;3.25&#8243; custom_padding=&#8220;|||&#8220; custom_padding__hover=&#8220;|||&#8220;][\/et_pb_column][\/et_pb_row][\/et_pb_section][et_pb_section fb_built=&#8220;1&#8243; admin_label=&#8220;Classes Section&#8220; _builder_version=&#8220;4.1&#8243; background_color=&#8220;#7aa039&#8243; custom_padding=&#8220;80px||190px|&#8220;][et_pb_row custom_padding_last_edited=&#8220;on|tablet&#8220; _builder_version=&#8220;4.1&#8243; width=&#8220;100%&#8220; custom_margin=&#8220;|||&#8220; custom_padding_tablet=&#8220;|50px||50px|false|true&#8220; custom_padding_phone=&#8220;0px|40px|0px|40px|true|true&#8220; locked=&#8220;off&#8220;][et_pb_column type=&#8220;4_4&#8243; _builder_version=&#8220;3.25&#8243; custom_padding=&#8220;|||&#8220; custom_padding__hover=&#8220;|||&#8220;][et_pb_text admin_label=&#8220;Title&#8220; _builder_version=&#8220;4.1&#8243; text_font=&#8220;||||||||&#8220; header_font=&#8220;||||||||&#8220; header_text_color=&#8220;#ffffff&#8220; header_2_font=&#8220;Poppins|600|||||||&#8220; header_2_text_align=&#8220;center&#8220; header_2_text_color=&#8220;#ffffff&#8220; header_2_font_size=&#8220;36px&#8220; custom_margin=&#8220;||0px|&#8220; animation_style=&#8220;fade&#8220;]<\/p>\n<h2>Business Intelligence<\/h2>\n<p>[\/et_pb_text][et_pb_divider divider_position=&#8220;center&#8220; divider_weight=&#8220;3px&#8220; _builder_version=&#8220;4.1&#8243; max_width=&#8220;50px&#8220; module_alignment=&#8220;center&#8220; custom_margin=&#8220;||20px|&#8220; animation_style=&#8220;slide&#8220; animation_direction=&#8220;top&#8220; animation_intensity_slide=&#8220;10%&#8220; animation_starting_opacity=&#8220;100%&#8220;][\/et_pb_divider][et_pb_text _builder_version=&#8220;4.1&#8243; text_font=&#8220;Poppins||||||||&#8220; text_text_color=&#8220;#ffffff&#8220; text_font_size=&#8220;18px&#8220; text_line_height=&#8220;1.8em&#8220; text_orientation=&#8220;center&#8220; max_width=&#8220;750px&#8220; module_alignment=&#8220;center&#8220; animation_style=&#8220;fade&#8220;]<\/p>\n<p class=\"text\"><span style=\"font-size: 18px;\">In einzelnen F\u00e4llen erf\u00fcllen spezialisierte Tools die Bed\u00fcrfnisse einer Abteilung oder eines einzelnen Mitarbeiters; doch diese voneinander unabh\u00e4ngigen Informationsketten, mit ihren vielf\u00e4ltigen Komponenten, sind zunehmend teuer im Support und erfordern h\u00e4ufig eigene technische und menschliche Ressourcen zur Unterhaltung.<\/span><\/p>\n<p class=\"text\">Business-Intelligence-L\u00f6sungen von Velten Softwaresysteme sichern Ihre fr\u00fcheren IT-Investitionen, unterst\u00fctzen IT-Standards und bieten eine gemeinsame Grundlage f\u00fcr die Integration von Unternehmensdaten, sowie f\u00fcr die Gewinnung neuer Erkenntnisse. Ma\u00dfgeschneiderte Schnittstellen erleichtern &#8211; in Kombination mit den Analysef\u00e4higkeiten &#8211; dem gesamten Unternehmen die gemeinsame Entscheidungsfindung.<\/p>\n<p class=\"text\">Aufbauend auf einer offenen Architektur bieten Velten Softwaresysteme-Business-Intelligence-L\u00f6sungen eine Reihe von Reporting- und Visualisierungs-M\u00f6glichkeiten f\u00fcr Desktop- und Web-Anwendungen. Diese gehen auf eine gemeinsame Datenbasis zur\u00fcck und richten sich an eine Vielzahl verschiedener Anwendergruppen: Von End-Anwendern \u00fcber Power-User und IT-Experten bis hin zum Entscheidungstr\u00e4ger und Datenspezialisten.<\/p>\n<p class=\"text\">Ob einfaches Reporting oder komplexe Analysen: Die integrierte und interoperable Business-Intelligence-L\u00f6sung von Velten Softwaresysteme, unterst\u00fctzt s\u00e4mtliche unternehmensinternen Entscheidungsprozesse. Das System erzielt nicht nur einheitliche und zuverl\u00e4ssige Endergebnisse, es f\u00f6rdert au\u00dferdem die Zusammenarbeit und Partnerschaft zwischen verschiedenen Teams &#8211; zeitnah, flexibel und fundiert.<\/p>\n<p>[\/et_pb_text][\/et_pb_column][\/et_pb_row][et_pb_row column_structure=&#8220;1_3,1_3,1_3&#8243; make_equal=&#8220;on&#8220; admin_label=&#8220;Classes Area&#8220; _builder_version=&#8220;4.1&#8243; max_width=&#8220;1440px&#8220; use_custom_width=&#8220;on&#8220; custom_width_px=&#8220;1440px&#8220;][et_pb_column type=&#8220;1_3&#8243; _builder_version=&#8220;4.1&#8243; background_color=&#8220;#0a2e20&#8243; custom_padding=&#8220;|||&#8220; custom_padding__hover=&#8220;|||&#8220;][et_pb_image src=&#8220;https:\/\/vsnet.de\/wp-content\/uploads\/2020\/01\/Velten-Icon-1000&#215;1000-4.png&#8220; align=&#8220;center&#8220; align_tablet=&#8220;center&#8220; align_phone=&#8220;&#8220; align_last_edited=&#8220;on|desktop&#8220; _builder_version=&#8220;4.1&#8243; width=&#8220;50%&#8220; custom_margin=&#8220;||0px|&#8220;][\/et_pb_image][et_pb_text admin_label=&#8220;Title&#8220; _builder_version=&#8220;4.1&#8243; text_font=&#8220;Poppins||||||||&#8220; text_text_color=&#8220;rgba(255,255,255,0.7)&#8220; text_line_height=&#8220;1.8em&#8220; link_font=&#8220;|600||on|||||&#8220; link_text_color=&#8220;#fdb467&#8243; link_font_size=&#8220;16px&#8220; link_letter_spacing=&#8220;3px&#8220; link_line_height=&#8220;1.8em&#8220; header_font=&#8220;||||||||&#8220; header_3_font=&#8220;Poppins|600|||||||&#8220; header_3_text_align=&#8220;center&#8220; header_3_font_size=&#8220;24px&#8220; header_3_line_height=&#8220;1.8em&#8220; background_color=&#8220;rgba(0,0,0,0)&#8220; text_orientation=&#8220;center&#8220; background_layout=&#8220;dark&#8220; custom_margin=&#8220;|||&#8220; custom_padding=&#8220;0px|40px|40px|40px||&#8220; animation_style=&#8220;fade&#8220;]<\/p>\n<h3>Operationale Daten<\/h3>\n<p class=\"text\"><span style=\"font-size: 14px;\">Die Datenhaltung im Unternehmen erfolgt meist in den unterschiedlichsten Datenformaten: Datenbanken, Excel Sheets, XML-Dateien etc.. Operationale Daten werden sehr h\u00e4ufig in relationalen Datenschemen abgespeichert. Diese Form der Datenhaltung stellt sicher, dass jede Information nur einmal gespeichert wird. Diese Schemata haben direkten Einfluss auf die Abfragem\u00f6glichkeiten der im System enthaltenen Daten. Es kann nicht ohne weiteres jede Fragestellung mit dem Datenbestand beantwortet werden. Oft werden hier aufwendige Abfragefolgen notwendig, um f\u00fcr Benutzer einfach erscheinende Fragen zu beantworten.<\/span><\/p>\n<p class=\"text\">Um mit den operationalen Daten weiter zu arbeiten, m\u00fcssen diese Daten aufbereitet werden. Der Prozess der Datenaufbereitung der operationalen Daten bezeichnet man als ETL (Extract Transform Load).\u00a0<\/p>\n<p>[\/et_pb_text][\/et_pb_column][et_pb_column type=&#8220;1_3&#8243; _builder_version=&#8220;4.1&#8243; background_color=&#8220;#014d5d&#8220; custom_padding=&#8220;|||&#8220; custom_padding__hover=&#8220;|||&#8220;][et_pb_image src=&#8220;https:\/\/vsnet.de\/wp-content\/uploads\/2020\/01\/Velten-Icon-1000&#215;1000-5.png&#8220; align=&#8220;center&#8220; align_tablet=&#8220;center&#8220; align_phone=&#8220;&#8220; align_last_edited=&#8220;on|desktop&#8220; _builder_version=&#8220;4.1&#8243; width=&#8220;50%&#8220; custom_margin=&#8220;||0px|&#8220;][\/et_pb_image][et_pb_text admin_label=&#8220;Title&#8220; _builder_version=&#8220;4.1&#8243; text_font=&#8220;Poppins||||||||&#8220; text_text_color=&#8220;rgba(255,255,255,0.7)&#8220; text_line_height=&#8220;1.8em&#8220; link_font=&#8220;|600||on|||||&#8220; link_text_color=&#8220;#fdb467&#8243; link_font_size=&#8220;16px&#8220; link_letter_spacing=&#8220;3px&#8220; link_line_height=&#8220;1.8em&#8220; header_font=&#8220;||||||||&#8220; header_3_font=&#8220;Poppins|600|||||||&#8220; header_3_text_align=&#8220;center&#8220; header_3_font_size=&#8220;24px&#8220; header_3_line_height=&#8220;1.8em&#8220; background_color=&#8220;rgba(0,0,0,0)&#8220; text_orientation=&#8220;center&#8220; background_layout=&#8220;dark&#8220; custom_margin=&#8220;|||&#8220; custom_padding=&#8220;0px|40px|40px|40px||&#8220; animation_style=&#8220;fade&#8220;]<\/p>\n<h3>Datawarehouse<\/h3>\n<p class=\"text\"><span style=\"font-size: 14px;\">Ein Data Warehouse ist eine themenorientierte, integrierte, zeitbezogene und dauerhafte Sammlung von Daten in einer einzigen Datenbank mit konsistentem Datenbestand. Als Unternehmensweite, zentrale Basis f\u00fcr alle Gesch\u00e4ftsbereiche f\u00fchrt es die Daten aus unterschiedlichen Anwendungsgebieten zusammen und stellt sie f\u00fcr Analysen und Berichte bereit.<\/span><\/p>\n<p class=\"text\">\n<p class=\"text\">Die Bereitstellung von Daten per Data Warehouse bildet die systematische Basis f\u00fcr Velten Softwaresysteme-Business-Intelligence-Solutions. Sie erleichtert, verbessert und optimiert deutlich den Einsatz von Verfahren wie OLAP, MOLAP, ROLAP oder HOLAP (siehe Cube-Aufbereitung).\u00a0<\/p>\n<p class=\"text\">\n<p>[\/et_pb_text][\/et_pb_column][et_pb_column type=&#8220;1_3&#8243; _builder_version=&#8220;4.1&#8243; background_color=&#8220;#9ca2a2&#8243; custom_padding=&#8220;|||&#8220; custom_padding__hover=&#8220;|||&#8220;][et_pb_image src=&#8220;https:\/\/vsnet.de\/wp-content\/uploads\/2020\/01\/Velten-Icon-1000&#215;1000-6.png&#8220; align=&#8220;center&#8220; align_tablet=&#8220;center&#8220; align_phone=&#8220;&#8220; align_last_edited=&#8220;on|desktop&#8220; _builder_version=&#8220;4.1&#8243; width=&#8220;50%&#8220; custom_margin=&#8220;||0px|&#8220;][\/et_pb_image][et_pb_text admin_label=&#8220;Title&#8220; _builder_version=&#8220;4.1&#8243; text_font=&#8220;Poppins||||||||&#8220; text_text_color=&#8220;rgba(255,255,255,0.7)&#8220; text_line_height=&#8220;1.8em&#8220; link_font=&#8220;|600||on|||||&#8220; link_text_color=&#8220;#fdb467&#8243; link_font_size=&#8220;16px&#8220; link_letter_spacing=&#8220;3px&#8220; link_line_height=&#8220;1.8em&#8220; header_font=&#8220;||||||||&#8220; header_3_font=&#8220;Poppins|600|||||||&#8220; header_3_text_align=&#8220;center&#8220; header_3_font_size=&#8220;24px&#8220; header_3_line_height=&#8220;1.8em&#8220; background_color=&#8220;rgba(0,0,0,0)&#8220; text_orientation=&#8220;center&#8220; background_layout=&#8220;dark&#8220; custom_margin=&#8220;|||&#8220; custom_padding=&#8220;0px|40px|40px|40px||&#8220; animation_style=&#8220;fade&#8220;]<\/p>\n<h3>Staging Area<\/h3>\n<p class=\"text\">Der Staging Area kommt im Rahmen des BI-Konzeptes eine besondere Bedeutung zu. Hier wird die Entscheidung \u00fcber die Qualit\u00e4t der sp\u00e4teren Daten getroffen. Um mit all den verschiedenen Unternehmensdaten im Gesamtzusammenhang arbeiten zu k\u00f6nnen, m\u00fcssen die Daten an einer zentralen Stelle in geeigneter Weise gesammelt und f\u00fcr weitere Schritte vorgehalten werden.\u00a0<\/p>\n<p class=\"text\">Diesen Prozess bezeichnet man als ETL (Extraktions-, Transformations- und Ladeprozess). Bei der Staging Area werden die Operationalen Daten per ETL aus den internen und externen Datenquellen extrahiert und mit Hilfe verschiedener Transformationsprozesse in das Data Warehouse integriert.\u00a0<\/p>\n<p>&nbsp;<\/p>\n<p>[\/et_pb_text][\/et_pb_column][\/et_pb_row][et_pb_row column_structure=&#8220;1_3,1_3,1_3&#8243; make_equal=&#8220;on&#8220; admin_label=&#8220;Classes Area&#8220; _builder_version=&#8220;4.1&#8243; max_width=&#8220;1440px&#8220; use_custom_width=&#8220;on&#8220; custom_width_px=&#8220;1440px&#8220;][et_pb_column type=&#8220;1_3&#8243; _builder_version=&#8220;4.1&#8243; background_color=&#8220;#a1cbc9&#8243; custom_padding=&#8220;|||&#8220; custom_padding__hover=&#8220;|||&#8220;][et_pb_image src=&#8220;https:\/\/vsnet.de\/wp-content\/uploads\/2020\/01\/Velten-Icon-1000&#215;1000-7.png&#8220; align=&#8220;center&#8220; align_tablet=&#8220;center&#8220; align_phone=&#8220;&#8220; align_last_edited=&#8220;on|desktop&#8220; _builder_version=&#8220;4.1&#8243; width=&#8220;50%&#8220; custom_margin=&#8220;||0px|&#8220;][\/et_pb_image][et_pb_text admin_label=&#8220;Title&#8220; _builder_version=&#8220;4.1&#8243; text_font=&#8220;Poppins||||||||&#8220; text_text_color=&#8220;rgba(255,255,255,0.7)&#8220; text_line_height=&#8220;1.8em&#8220; link_font=&#8220;|600||on|||||&#8220; link_text_color=&#8220;#fdb467&#8243; link_font_size=&#8220;16px&#8220; link_letter_spacing=&#8220;3px&#8220; link_line_height=&#8220;1.8em&#8220; header_font=&#8220;||||||||&#8220; header_3_font=&#8220;Poppins|600|||||||&#8220; header_3_text_align=&#8220;center&#8220; header_3_font_size=&#8220;24px&#8220; header_3_line_height=&#8220;1.8em&#8220; background_color=&#8220;rgba(0,0,0,0)&#8220; text_orientation=&#8220;center&#8220; background_layout=&#8220;dark&#8220; custom_margin=&#8220;|||&#8220; custom_padding=&#8220;0px|40px|40px|40px||&#8220; animation_style=&#8220;fade&#8220;]<\/p>\n<h3>Cube-Aufbereitung<\/h3>\n<p class=\"text\">Heutzutage sind immer komplexere Analysen mit stetig wachsenden Datenmengen gefordert. OLAP steht f\u00fcr Online Analytik Processing. OLAP organisiert Daten so, dass Sie f\u00fcr eine multidimensionale Datenanalyse optimiert sind. Dies erm\u00f6glicht eine weitaus flexiblere Sicht auf die Daten &#8211; ob sie aus dem Finanzwesen, Verkauf oder Marketing stammen. Die Eigenschaften von OLAP lassen sich sehr treffend nach dem FASMI-Ansatz zusammenfassen:<\/p>\n<p>\u00b7<span>\u00a0<\/span><b>Fast<\/b><span>\u00a0<\/span>(Geschwindigkeit):<\/p>\n<p><span style=\"font-size: 14px;\">\u00b7<\/span><span style=\"font-size: 14px;\">\u00a0<\/span><b style=\"font-size: 14px;\">Analysis<\/b><span style=\"font-size: 14px;\">\u00a0<\/span><span style=\"font-size: 14px;\">(Analyse)<\/span><\/p>\n<p>\u00b7<span>\u00a0<\/span><b>Shared<\/b><span>\u00a0<\/span>(Sicherheit):<\/p>\n<p><span style=\"font-size: 14px;\">\u00b7<\/span><span style=\"font-size: 14px;\">\u00a0<\/span><b style=\"font-size: 14px;\">Multidimensional<\/b><span style=\"font-size: 14px;\">\u00a0<\/span><span style=\"font-size: 14px;\">(Multidimensionalit\u00e4t):<\/span><\/p>\n<p>\u00b7<span>\u00a0<\/span><b>Information<\/b><span>\u00a0<\/span>(Kapazit\u00e4t):<\/p>\n<p>Keine Begrenzung des Daten(import)volumens, sowie der Skalierbarkeit.<\/p>\n<p>[\/et_pb_text][\/et_pb_column][et_pb_column type=&#8220;1_3&#8243; _builder_version=&#8220;4.1&#8243; background_color=&#8220;#9ca2a2&#8243; custom_padding=&#8220;|||&#8220; custom_padding__hover=&#8220;|||&#8220;][et_pb_image src=&#8220;https:\/\/vsnet.de\/wp-content\/uploads\/2020\/01\/Velten-Icon-1000&#215;1000-8.png&#8220; align=&#8220;center&#8220; align_tablet=&#8220;center&#8220; align_phone=&#8220;&#8220; align_last_edited=&#8220;on|desktop&#8220; _builder_version=&#8220;4.1&#8243; width=&#8220;50%&#8220; custom_margin=&#8220;||0px|&#8220;][\/et_pb_image][et_pb_text admin_label=&#8220;Title&#8220; _builder_version=&#8220;4.1&#8243; text_font=&#8220;Poppins||||||||&#8220; text_text_color=&#8220;rgba(255,255,255,0.7)&#8220; text_line_height=&#8220;1.8em&#8220; link_font=&#8220;|600||on|||||&#8220; link_text_color=&#8220;#fdb467&#8243; link_font_size=&#8220;16px&#8220; link_letter_spacing=&#8220;3px&#8220; link_line_height=&#8220;1.8em&#8220; header_font=&#8220;||||||||&#8220; header_3_font=&#8220;Poppins|600|||||||&#8220; header_3_text_align=&#8220;center&#8220; header_3_font_size=&#8220;24px&#8220; header_3_line_height=&#8220;1.8em&#8220; background_color=&#8220;rgba(0,0,0,0)&#8220; text_orientation=&#8220;center&#8220; background_layout=&#8220;dark&#8220; custom_margin=&#8220;|||&#8220; custom_padding=&#8220;0px|40px|40px|40px||&#8220; animation_style=&#8220;fade&#8220;]<\/p>\n<h3>Reporting und Analyse via Power BI oder Power Pivot<\/h3>\n<p class=\"p1\"><span class=\"s1\">Trotz der t\u00e4glichen Massen an Daten verf\u00fcgen Unternehmen nicht \u00fcber gen\u00fcgend Informationen, um Entscheidungen zu treffen.\u00a0<\/span><\/p>\n<p class=\"p1\"><span class=\"s1\">Mit dem Reporting in Power BI oder Power Pivot bieten wir Ihnen eine zentrale interne Informationsquelle f\u00fcr das Unternehmensmanagement. Quelle f\u00fcr unser Reporting-System ist das Data Warehouse.<\/span><\/p>\n<p class=\"p1\"><span class=\"s1\">Mittels grafischen oder tabellarischen Dashboards liefern wir Ihnen ein Reporting , das\u00a0 unabh\u00e4ngig von den unterschiedlichsten Anforderungen und F\u00e4higkeiten der einzelnen Anwender ist.<\/span><\/p>\n<p class=\"p1\"><span class=\"s1\"><\/span><\/p>\n<p>[\/et_pb_text][\/et_pb_column][et_pb_column type=&#8220;1_3&#8243; _builder_version=&#8220;4.1&#8243; background_color=&#8220;#0a2e20&#8243; custom_padding=&#8220;|||&#8220; custom_padding__hover=&#8220;|||&#8220;][et_pb_image src=&#8220;https:\/\/vsnet.de\/wp-content\/uploads\/2020\/01\/Velten-Icon-1000&#215;1000-9.png&#8220; align=&#8220;center&#8220; align_tablet=&#8220;center&#8220; align_phone=&#8220;&#8220; align_last_edited=&#8220;on|desktop&#8220; _builder_version=&#8220;4.1&#8243; width=&#8220;50%&#8220; custom_margin=&#8220;||0px|&#8220;][\/et_pb_image][et_pb_text admin_label=&#8220;Title&#8220; _builder_version=&#8220;4.1&#8243; text_font=&#8220;Poppins||||||||&#8220; text_text_color=&#8220;rgba(255,255,255,0.7)&#8220; text_line_height=&#8220;1.8em&#8220; link_font=&#8220;|600||on|||||&#8220; link_text_color=&#8220;#fdb467&#8243; link_font_size=&#8220;16px&#8220; link_letter_spacing=&#8220;3px&#8220; link_line_height=&#8220;1.8em&#8220; header_font=&#8220;||||||||&#8220; header_3_font=&#8220;Poppins|600|||||||&#8220; header_3_text_align=&#8220;center&#8220; header_3_font_size=&#8220;24px&#8220; header_3_line_height=&#8220;1.8em&#8220; background_color=&#8220;rgba(0,0,0,0)&#8220; text_orientation=&#8220;center&#8220; background_layout=&#8220;dark&#8220; custom_margin=&#8220;|||&#8220; custom_padding=&#8220;0px|40px|40px|40px||&#8220; animation_style=&#8220;fade&#8220;]<\/p>\n<h3>Data Mining<\/h3>\n<p class=\"text\">Aussagekr\u00e4ftige, relevante und (noch) unbekannte Muster, Strukturen und Zusammenh\u00e4nge in Datenbest\u00e4nden zu entdecken, zu identifizieren und daraus Verhaltensweisen und Trends zu prognostizieren &#8211; dies ist das Ziel von Data Mining.<\/p>\n<p class=\"text\">Die Extraktion des Wissens ist jedoch nicht Ergebnis eines einzelnen Schrittes. Der Prozess reicht vielmehr von der Selektion und Aufbereitung von Daten \u00fcber das Erkennen von Datenmustern bis zur Ergebnispr\u00e4sentation und -Interpretation.<\/p>\n<p class=\"text\">Data Mining beinhaltet eine Reihe von Technologien, die auf statistischen Modellen und Mustererkennungs-Verfahren wie Clusteranalyse, neuronale Netze oder Entscheidungsb\u00e4ume basieren. Diese erm\u00f6glichen bisher unbekannte Verhaltensmuster Ihrer Kunden zu entschl\u00fcsseln.<\/p>\n<p><span style=\"font-size: 14px;\"><\/span><\/p>\n<p>[\/et_pb_text][\/et_pb_column][\/et_pb_row][\/et_pb_section]<\/p>\n","protected":false},"excerpt":{"rendered":"<p>Business Inteligence &#8211; Big Data L\u00f6sungen -\u00dcberall stehen Unternehmen heute vor der schwierigen Aufgabe, konsolidierte und qualitative hochwertige Informationen f\u00fcr das ganze Unternehmen zur Verf\u00fcgung zu stellen, ohne dadurch die Betriebskosten in die H\u00f6he zu treiben. Gleichzeitig soll der bunten Mischung aus Hard- und Softwareressourcen Rechnung getragen werden, die im Zuge wiederholter Umstrukturierungs-, Wachstums- und [&hellip;]<\/p>\n","protected":false},"author":1,"featured_media":0,"parent":0,"menu_order":0,"comment_status":"closed","ping_status":"closed","template":"","meta":{"_et_pb_use_builder":"on","_et_pb_old_content":"","_et_gb_content_width":""},"_links":{"self":[{"href":"https:\/\/vsnet.de\/index.php\/wp-json\/wp\/v2\/pages\/117"}],"collection":[{"href":"https:\/\/vsnet.de\/index.php\/wp-json\/wp\/v2\/pages"}],"about":[{"href":"https:\/\/vsnet.de\/index.php\/wp-json\/wp\/v2\/types\/page"}],"author":[{"embeddable":true,"href":"https:\/\/vsnet.de\/index.php\/wp-json\/wp\/v2\/users\/1"}],"replies":[{"embeddable":true,"href":"https:\/\/vsnet.de\/index.php\/wp-json\/wp\/v2\/comments?post=117"}],"version-history":[{"count":12,"href":"https:\/\/vsnet.de\/index.php\/wp-json\/wp\/v2\/pages\/117\/revisions"}],"predecessor-version":[{"id":329,"href":"https:\/\/vsnet.de\/index.php\/wp-json\/wp\/v2\/pages\/117\/revisions\/329"}],"wp:attachment":[{"href":"https:\/\/vsnet.de\/index.php\/wp-json\/wp\/v2\/media?parent=117"}],"curies":[{"name":"wp","href":"https:\/\/api.w.org\/{rel}","templated":true}]}}