{"id":188,"date":"2020-02-14T08:54:44","date_gmt":"2020-02-14T08:54:44","guid":{"rendered":"https:\/\/vsnet.de\/?page_id=188"},"modified":"2020-02-14T09:07:05","modified_gmt":"2020-02-14T09:07:05","slug":"consulting","status":"publish","type":"page","link":"https:\/\/vsnet.de\/index.php\/consulting\/","title":{"rendered":"Consulting"},"content":{"rendered":"<p>[et_pb_section fb_built=&#8220;1&#8243; admin_label=&#8220;Page Title Section&#8220; _builder_version=&#8220;4.1&#8243; use_background_color_gradient=&#8220;on&#8220; background_color_gradient_start=&#8220;#014d5d&#8220; background_color_gradient_end=&#8220;rgba(0,0,0,0)&#8220; background_color_gradient_direction=&#8220;120deg&#8220; background_color_gradient_overlays_image=&#8220;on&#8220; background_image=&#8220;https:\/\/vsnet.de\/wp-content\/uploads\/2020\/01\/shutterstock_574879378-2-scaled.jpg&#8220; custom_padding=&#8220;110px||110px|&#8220;][et_pb_row column_structure=&#8220;3_4,1_4&#8243; admin_label=&#8220;Page Title Area&#8220; _builder_version=&#8220;4.1&#8243; background_size=&#8220;initial&#8220; background_position=&#8220;top_left&#8220; background_repeat=&#8220;repeat&#8220;][et_pb_column type=&#8220;3_4&#8243; _builder_version=&#8220;3.25&#8243; custom_padding=&#8220;|||&#8220; custom_padding__hover=&#8220;|||&#8220;][et_pb_text admin_label=&#8220;Title&#8220; _builder_version=&#8220;3.27.4&#8243; text_font=&#8220;||||||||&#8220; header_font=&#8220;Poppins|600|||||||&#8220; header_font_size=&#8220;60px&#8220; header_line_height=&#8220;1.2em&#8220; header_2_font=&#8220;||||||||&#8220; header_2_font_size=&#8220;60px&#8220; background_layout=&#8220;dark&#8220; custom_margin=&#8220;||20px|&#8220; custom_padding=&#8220;|||&#8220; animation_style=&#8220;fade&#8220; header_font_size_tablet=&#8220;&#8220; header_font_size_phone=&#8220;40px&#8220; header_font_size_last_edited=&#8220;on|phone&#8220;]<\/p>\n<h1>Beratung &amp; Consulting<\/h1>\n<p>[\/et_pb_text][et_pb_text admin_label=&#8220;Page Subtitle&#8220; _builder_version=&#8220;3.27.4&#8243; text_font=&#8220;Poppins||||||||&#8220; text_font_size=&#8220;18px&#8220; text_line_height=&#8220;1.8em&#8220; header_font=&#8220;||||||||&#8220; background_layout=&#8220;dark&#8220; animation_style=&#8220;fade&#8220;]<\/p>\n<p><span>Bei uns sind Sie in guten H\u00e4nden! Problemanalyse, Prozessoptimierung, Organisationsstrukturierung und Entwicklung aus einer Hand.<\/span><\/p>\n<p>[\/et_pb_text][\/et_pb_column][et_pb_column type=&#8220;1_4&#8243; _builder_version=&#8220;3.25&#8243; custom_padding=&#8220;|||&#8220; custom_padding__hover=&#8220;|||&#8220;][\/et_pb_column][\/et_pb_row][\/et_pb_section][et_pb_section fb_built=&#8220;1&#8243; admin_label=&#8220;Classes Section&#8220; _builder_version=&#8220;4.1&#8243; background_color=&#8220;#ffffff&#8220; min_height=&#8220;620px&#8220; custom_padding=&#8220;80px||100px|||&#8220;][et_pb_row _builder_version=&#8220;3.25&#8243; custom_margin=&#8220;|||&#8220; locked=&#8220;off&#8220;][et_pb_column type=&#8220;4_4&#8243; _builder_version=&#8220;3.25&#8243; custom_padding=&#8220;|||&#8220; custom_padding__hover=&#8220;|||&#8220;][et_pb_text admin_label=&#8220;Title&#8220; _builder_version=&#8220;4.1&#8243; text_font=&#8220;||||||||&#8220; header_font=&#8220;||||||||&#8220; header_text_color=&#8220;#ffffff&#8220; header_2_font=&#8220;Poppins|600|||||||&#8220; header_2_text_align=&#8220;center&#8220; header_2_text_color=&#8220;#000000&#8243; header_2_font_size=&#8220;36px&#8220; custom_margin=&#8220;||0px|&#8220; animation_style=&#8220;fade&#8220;]<\/p>\n<h2>Unternehmensberatung<\/h2>\n<p>[\/et_pb_text][et_pb_divider divider_position=&#8220;center&#8220; divider_weight=&#8220;3px&#8220; _builder_version=&#8220;4.1&#8243; max_width=&#8220;50px&#8220; module_alignment=&#8220;center&#8220; custom_margin=&#8220;||20px|&#8220; animation_style=&#8220;slide&#8220; animation_direction=&#8220;top&#8220; animation_intensity_slide=&#8220;10%&#8220; animation_starting_opacity=&#8220;100%&#8220;][\/et_pb_divider][et_pb_text _builder_version=&#8220;4.1&#8243; text_font=&#8220;Poppins||||||||&#8220; text_text_color=&#8220;#9ca2a2&#8243; text_font_size=&#8220;18px&#8220; text_line_height=&#8220;1.8em&#8220; link_font=&#8220;||||on|||rgba(253,180,103,0.5)|dotted&#8220; link_text_color=&#8220;rgba(255,255,255,0.7)&#8220; ul_font=&#8220;||||||||&#8220; header_font=&#8220;||||||||&#8220; header_2_font=&#8220;||||||||&#8220; text_orientation=&#8220;center&#8220; max_width=&#8220;1168px&#8220; module_alignment=&#8220;center&#8220; custom_margin=&#8220;25px|||&#8220; custom_padding=&#8220;|||&#8220; animation_style=&#8220;fade&#8220; locked=&#8220;off&#8220;]<\/p>\n<p><span>Unser Team aus kaufm\u00e4nnischen Beratern und Softwareentwicklern l\u00e4sst Sie nicht im Regen stehen.\u00a0<\/span><span style=\"font-size: 18px;\">Unternehmensprozesse und Strukturen werden zunehmend komplexer. Es reicht nicht mehr aus f\u00fcr ein Teilproblem eine kurzfristige L\u00f6sung zu schaffen.\u00a0<\/span><span style=\"font-size: 18px;\">Unser Portfolio reicht von beratenden Leistungen im Bereich Rechnungswesen, Controlling, Anlagenbuchhaltung, Warenwirtschaft, Lagerwesen, Produktion und Vertrieb bis hin zum Aufbau oder Restrukturierung komplexer Abl\u00e4ufe innerhalb Ihres Unternehmens.\u00a0<\/span><span style=\"font-size: 18px;\">Wir sehen unsere T\u00e4tigkeit immer im Kontext zu anderen Unternehmenseinheiten und Abteilungen.\u00a0<\/span><span style=\"font-size: 18px;\">Prozesse m\u00fcssen eindeutig definiert sein. Dabei d\u00fcrfen keine Konflikte zu parallelen oder \u00fcbergeordneten Prozessen zu entstehen.<\/span><\/p>\n<p>Velten Softwaresysteme ber\u00e4t und unterst\u00fctzt Sie in den Bereichen Controlling, Berichtswesen und Informationsmanagement. Wir strukturieren Unternehmens- interne und externe Abl\u00e4ufe und setzen uns mit den beteiligten Ansprechpartnern inhaltlich auseinander. Eine Software ist nur so gut wie die Prozesse innerhalb derer Sie angewendet wird.\u00a0<span style=\"font-size: 18px;\">Exemplarisch hierf\u00fcr sind unsere Beratungsleistung bei der Umstellung von SAP auf eine alternative ERP-L\u00f6sung bei einer bundesweit t\u00e4tigen Baugruppe, der Aufbau einer kompletten Aufbau- und Ablauf-Organisation bei einem Lotterieanbieter oder die federf\u00fchrende Umstellung und Begleitung der Abrechnungs-, Zeiterfassungs-, Buchhaltungs- und Anlagensoftware bei einem st\u00e4dtischen Versorgungsbetrieb.\u00a0<\/span><span style=\"font-size: 18px;\">Wir optimieren Prozesse, steigern die Effizienz Ihrer Mitarbeiter und reduzieren Konflikte in Unternehmsabl\u00e4ufen. Dazu k\u00f6nnen wir Ihnen auch immer die passende Softwarel\u00f6sung anbieten.<\/span><\/p>\n<p>[\/et_pb_text][\/et_pb_column][\/et_pb_row][\/et_pb_section]<\/p>\n","protected":false},"excerpt":{"rendered":"<p>Beratung &amp; ConsultingBei uns sind Sie in guten H\u00e4nden! Problemanalyse, Prozessoptimierung, Organisationsstrukturierung und Entwicklung aus einer Hand.UnternehmensberatungUnser Team aus kaufm\u00e4nnischen Beratern und Softwareentwicklern l\u00e4sst Sie nicht im Regen stehen.\u00a0Unternehmensprozesse und Strukturen werden zunehmend komplexer. Es reicht nicht mehr aus f\u00fcr ein Teilproblem eine kurzfristige L\u00f6sung zu schaffen.\u00a0Unser Portfolio reicht von beratenden Leistungen im Bereich Rechnungswesen, [&hellip;]<\/p>\n","protected":false},"author":1,"featured_media":0,"parent":0,"menu_order":0,"comment_status":"closed","ping_status":"closed","template":"","meta":{"_et_pb_use_builder":"on","_et_pb_old_content":"","_et_gb_content_width":""},"_links":{"self":[{"href":"https:\/\/vsnet.de\/index.php\/wp-json\/wp\/v2\/pages\/188"}],"collection":[{"href":"https:\/\/vsnet.de\/index.php\/wp-json\/wp\/v2\/pages"}],"about":[{"href":"https:\/\/vsnet.de\/index.php\/wp-json\/wp\/v2\/types\/page"}],"author":[{"embeddable":true,"href":"https:\/\/vsnet.de\/index.php\/wp-json\/wp\/v2\/users\/1"}],"replies":[{"embeddable":true,"href":"https:\/\/vsnet.de\/index.php\/wp-json\/wp\/v2\/comments?post=188"}],"version-history":[{"count":2,"href":"https:\/\/vsnet.de\/index.php\/wp-json\/wp\/v2\/pages\/188\/revisions"}],"predecessor-version":[{"id":191,"href":"https:\/\/vsnet.de\/index.php\/wp-json\/wp\/v2\/pages\/188\/revisions\/191"}],"wp:attachment":[{"href":"https:\/\/vsnet.de\/index.php\/wp-json\/wp\/v2\/media?parent=188"}],"curies":[{"name":"wp","href":"https:\/\/api.w.org\/{rel}","templated":true}]}}