{"id":229,"date":"2020-02-18T08:23:28","date_gmt":"2020-02-18T08:23:28","guid":{"rendered":"https:\/\/vsnet.de\/?page_id=229"},"modified":"2021-12-07T19:23:59","modified_gmt":"2021-12-07T19:23:59","slug":"bilfinger","status":"publish","type":"page","link":"https:\/\/vsnet.de\/index.php\/referenzen\/bilfinger\/","title":{"rendered":"Bilfinger"},"content":{"rendered":"<p>[et_pb_section fb_built=&#8220;1&#8243; admin_label=&#8220;Class Details Section&#8220; _builder_version=&#8220;4.1&#8243; background_color=&#8220;#a1cbc9&#8243; custom_padding=&#8220;90px||100px||false|false&#8220;][et_pb_row admin_label=&#8220;Class Details Area&#8220; _builder_version=&#8220;3.25&#8243; custom_padding=&#8220;27px|0px|60px|0px&#8220;][et_pb_column type=&#8220;4_4&#8243; _builder_version=&#8220;3.25&#8243; custom_padding=&#8220;|||&#8220; custom_padding__hover=&#8220;|||&#8220;][et_pb_text admin_label=&#8220;Title&#8220; _builder_version=&#8220;3.27.4&#8243; text_font=&#8220;||||||||&#8220; header_font=&#8220;||||||||&#8220; header_2_font=&#8220;Poppins|600|||||||&#8220; header_2_text_align=&#8220;center&#8220; header_2_font_size=&#8220;36px&#8220; header_2_line_height=&#8220;1.2em&#8220; custom_margin=&#8220;||0px|&#8220; custom_padding=&#8220;|||&#8220; animation_style=&#8220;fade&#8220;]<\/p>\n<h2>Bilfinger AG<\/h2>\n<p>[\/et_pb_text][et_pb_divider divider_position=&#8220;center&#8220; divider_weight=&#8220;3px&#8220; _builder_version=&#8220;4.1&#8243; max_width=&#8220;40px&#8220; module_alignment=&#8220;center&#8220; animation_style=&#8220;slide&#8220; animation_direction=&#8220;top&#8220; animation_intensity_slide=&#8220;10%&#8220; animation_starting_opacity=&#8220;100%&#8220;][\/et_pb_divider][\/et_pb_column][\/et_pb_row][et_pb_row admin_label=&#8220;Description Text Area&#8220; _builder_version=&#8220;4.1&#8243;][et_pb_column type=&#8220;4_4&#8243; _builder_version=&#8220;3.25&#8243; custom_padding=&#8220;|||&#8220; custom_padding__hover=&#8220;|||&#8220;][et_pb_text _builder_version=&#8220;4.1&#8243; text_font=&#8220;Poppins||||||||&#8220; text_font_size=&#8220;18px&#8220; text_line_height=&#8220;1.8em&#8220; animation_style=&#8220;fade&#8220;]<\/p>\n<p><span>Die Bilfinger\u00a0 AG ist ein b\u00f6rsennotierter, international t\u00e4tiger Bau- und Dienstleistungskonzern, der in den Bereichen Immobilien, Infrastruktur und Industrieservice t\u00e4tig ist.<\/span><\/p>\n<p><span>Das Leistungsspektrum reicht von Beratung, Entwicklung, Planung und Finanzierung \u00fcber betriebsfertige Erstellung bis hin zu Instandhaltung und Betrieb.<span lang=\"de\">\u00a0<\/span>Bilfinger und Berger ist Deutschlands zweitgr\u00f6\u00dfter Baukonzern und nimmt weltweit eine Position unter den ersten F\u00fcnf ein.<\/span><\/p>\n<p class=\"p1\"><span class=\"s1\">Velten Softwaresysteme GmbH konnte f\u00fcr die Zentralabteilung Projekt-Controlling (Z\/PCON) mit Sitz in der Mannheimer Zentrale eine auf MS .NET Technologie basierende Anwendung realisieren. In Procon (Projektname der Software) werden aus den verschiedensten Datenquellen (SAP, Excel, etc.) Die Projektdaten aller Bauprojekte des Konzerns zusammengetragen und \u00fcber verschiedenste Auswertungen verdichtet.<\/span><\/p>\n<p class=\"p1\"><span class=\"s1\">Procon verarbeitet hierbei alle f\u00fcr das Projektcontrolling relevanten Daten. F\u00fcr die Importe der einzelnen Tochtergesellschaften aus dem In und Ausland stehen standardisierte Importformate zur Verf\u00fcgung.<\/span><\/p>\n<p class=\"p1\"><span class=\"s1\">Neben der Auswertung \u00fcber standardisierte Berichte, werden Kennzahlen im zeitlichen Verlauf graphisch dargestellt.<\/span><\/p>\n<p class=\"p1\"><span class=\"s1\"><span>Die Anwendung steht \u00fcber Citrix-Technologie unter anderem auch Mitarbeitern im Ausland zur Verf\u00fcgung. Procon .NET steht komplett in englischer Sprache zur Verf\u00fcgung und setzt auf einem leistungsstraken MS-SQL Server auf.<\/span><br \/><span>Die Auswertungen die unter anderem f\u00fcr das direkte Reporting an den Vorstand der Bilfinger und Berger AG genutzt werden, dienen dem effizienten Projektcontrolling der Projekte der Bilfinger AG.<\/span><\/span><\/p>\n<p>[\/et_pb_text][\/et_pb_column][\/et_pb_row][\/et_pb_section][et_pb_section fb_built=&#8220;1&#8243; admin_label=&#8220;Portfolio Section&#8220; _builder_version=&#8220;4.1&#8243; background_color=&#8220;#ffffff&#8220; custom_margin=&#8220;|||&#8220; custom_padding=&#8220;0px|0px|90px|0px&#8220;][et_pb_row column_structure=&#8220;1_2,1_2&#8243; admin_label=&#8220;Portfolio Area&#8220; _builder_version=&#8220;4.1&#8243; custom_padding=&#8220;0px|0px|27px|0px&#8220; use_custom_width=&#8220;on&#8220; custom_width_px=&#8220;1440px&#8220;][et_pb_column type=&#8220;1_2&#8243; _builder_version=&#8220;3.25&#8243; custom_padding=&#8220;200px|||&#8220; custom_padding_tablet=&#8220;0px|||&#8220; custom_padding_phone=&#8220;&#8220; custom_padding_last_edited=&#8220;on|desktop&#8220; padding_tablet=&#8220;0px|||&#8220; padding_last_edited=&#8220;on|desktop&#8220; custom_padding__hover=&#8220;|||&#8220;][et_pb_image src=&#8220;https:\/\/vsnet.de\/wp-content\/uploads\/2020\/02\/Velten-Referenzen-02-Bilfinger-1.jpg&#8220; force_fullwidth=&#8220;on&#8220; align_tablet=&#8220;center&#8220; align_phone=&#8220;&#8220; align_last_edited=&#8220;on|desktop&#8220; _builder_version=&#8220;4.1&#8243; animation_style=&#8220;slide&#8220; animation_direction=&#8220;left&#8220; animation_intensity_slide=&#8220;5%&#8220; animation_starting_opacity=&#8220;100%&#8220;][\/et_pb_image][\/et_pb_column][et_pb_column type=&#8220;1_2&#8243; _builder_version=&#8220;3.25&#8243; custom_padding=&#8220;|||&#8220; custom_padding_last_edited=&#8220;off|desktop&#8220; padding_last_edited=&#8220;off|desktop&#8220; custom_padding__hover=&#8220;|||&#8220;][et_pb_image src=&#8220;https:\/\/vsnet.de\/wp-content\/uploads\/2020\/02\/Velten-Referenzen-02-Bilfinger-2.png&#8220; force_fullwidth=&#8220;on&#8220; align_tablet=&#8220;center&#8220; align_phone=&#8220;&#8220; align_last_edited=&#8220;on|desktop&#8220; _builder_version=&#8220;4.1&#8243; custom_margin=&#8220;-200px||||false|false&#8220; animation_style=&#8220;slide&#8220; animation_direction=&#8220;bottom&#8220; animation_intensity_slide=&#8220;5%&#8220; animation_starting_opacity=&#8220;100%&#8220;][\/et_pb_image][et_pb_image src=&#8220;https:\/\/vsnet.de\/wp-content\/uploads\/2020\/02\/Velten-Referenzen-02-Bilfinger-3.jpg&#8220; force_fullwidth=&#8220;on&#8220; align_tablet=&#8220;center&#8220; align_phone=&#8220;&#8220; align_last_edited=&#8220;on|desktop&#8220; _builder_version=&#8220;4.1&#8243; animation_style=&#8220;slide&#8220; animation_direction=&#8220;right&#8220; animation_intensity_slide=&#8220;5%&#8220; animation_starting_opacity=&#8220;100%&#8220; locked=&#8220;off&#8220;][\/et_pb_image][\/et_pb_column][\/et_pb_row][\/et_pb_section]<\/p>\n","protected":false},"excerpt":{"rendered":"<p>Bilfinger AGDie Bilfinger\u00a0 AG ist ein b\u00f6rsennotierter, international t\u00e4tiger Bau- und Dienstleistungskonzern, der in den Bereichen Immobilien, Infrastruktur und Industrieservice t\u00e4tig ist. Das Leistungsspektrum reicht von Beratung, Entwicklung, Planung und Finanzierung \u00fcber betriebsfertige Erstellung bis hin zu Instandhaltung und Betrieb.\u00a0Bilfinger und Berger ist Deutschlands zweitgr\u00f6\u00dfter Baukonzern und nimmt weltweit eine Position unter den ersten F\u00fcnf [&hellip;]<\/p>\n","protected":false},"author":1,"featured_media":0,"parent":208,"menu_order":2,"comment_status":"closed","ping_status":"closed","template":"","meta":{"_et_pb_use_builder":"on","_et_pb_old_content":"","_et_gb_content_width":""},"_links":{"self":[{"href":"https:\/\/vsnet.de\/index.php\/wp-json\/wp\/v2\/pages\/229"}],"collection":[{"href":"https:\/\/vsnet.de\/index.php\/wp-json\/wp\/v2\/pages"}],"about":[{"href":"https:\/\/vsnet.de\/index.php\/wp-json\/wp\/v2\/types\/page"}],"author":[{"embeddable":true,"href":"https:\/\/vsnet.de\/index.php\/wp-json\/wp\/v2\/users\/1"}],"replies":[{"embeddable":true,"href":"https:\/\/vsnet.de\/index.php\/wp-json\/wp\/v2\/comments?post=229"}],"version-history":[{"count":5,"href":"https:\/\/vsnet.de\/index.php\/wp-json\/wp\/v2\/pages\/229\/revisions"}],"predecessor-version":[{"id":339,"href":"https:\/\/vsnet.de\/index.php\/wp-json\/wp\/v2\/pages\/229\/revisions\/339"}],"up":[{"embeddable":true,"href":"https:\/\/vsnet.de\/index.php\/wp-json\/wp\/v2\/pages\/208"}],"wp:attachment":[{"href":"https:\/\/vsnet.de\/index.php\/wp-json\/wp\/v2\/media?parent=229"}],"curies":[{"name":"wp","href":"https:\/\/api.w.org\/{rel}","templated":true}]}}