{"id":247,"date":"2020-02-18T09:09:53","date_gmt":"2020-02-18T09:09:53","guid":{"rendered":"https:\/\/vsnet.de\/?page_id=247"},"modified":"2020-02-18T09:11:02","modified_gmt":"2020-02-18T09:11:02","slug":"solarhybrid","status":"publish","type":"page","link":"https:\/\/vsnet.de\/index.php\/referenzen\/solarhybrid\/","title":{"rendered":"Solarhybrid"},"content":{"rendered":"\n[et_pb_section fb_built=&#8220;1&#8243; admin_label=&#8220;Class Details Section&#8220; _builder_version=&#8220;4.1&#8243; background_color=&#8220;#7aa039&#8243; custom_padding=&#8220;90px||100px||false|false&#8220; hover_enabled=&#8220;0&#8243;][et_pb_row admin_label=&#8220;Class Details Area&#8220; _builder_version=&#8220;3.25&#8243; custom_padding=&#8220;27px|0px|60px|0px&#8220;][et_pb_column type=&#8220;4_4&#8243; _builder_version=&#8220;3.25&#8243; custom_padding=&#8220;|||&#8220; custom_padding__hover=&#8220;|||&#8220;][et_pb_text admin_label=&#8220;Title&#8220; _builder_version=&#8220;4.1&#8243; text_font=&#8220;||||||||&#8220; header_font=&#8220;||||||||&#8220; header_text_color=&#8220;#ffffff&#8220; header_2_font=&#8220;Poppins|600|||||||&#8220; header_2_text_align=&#8220;center&#8220; header_2_text_color=&#8220;#ffffff&#8220; header_2_font_size=&#8220;36px&#8220; header_2_line_height=&#8220;1.2em&#8220; custom_margin=&#8220;||0px|&#8220; custom_padding=&#8220;|||&#8220; animation_style=&#8220;fade&#8220; hover_enabled=&#8220;0&#8243;]<h2>Solarhybrid<\/h2>\n[\/et_pb_text][et_pb_divider divider_position=&#8220;center&#8220; divider_weight=&#8220;3px&#8220; _builder_version=&#8220;4.1&#8243; max_width=&#8220;40px&#8220; module_alignment=&#8220;center&#8220; animation_style=&#8220;slide&#8220; animation_direction=&#8220;top&#8220; animation_intensity_slide=&#8220;10%&#8220; animation_starting_opacity=&#8220;100%&#8220; hover_enabled=&#8220;0&#8243; color=&#8220;#014d5d&#8220;][\/et_pb_divider][\/et_pb_column][\/et_pb_row][et_pb_row admin_label=&#8220;Description Text Area&#8220; _builder_version=&#8220;4.1&#8243;][et_pb_column type=&#8220;4_4&#8243; _builder_version=&#8220;3.25&#8243; custom_padding=&#8220;|||&#8220; custom_padding__hover=&#8220;|||&#8220;][et_pb_text _builder_version=&#8220;4.1&#8243; text_font=&#8220;Poppins||||||||&#8220; text_font_size=&#8220;18px&#8220; text_line_height=&#8220;1.8em&#8220; background_layout=&#8220;dark&#8220; animation_style=&#8220;fade&#8220; hover_enabled=&#8220;0&#8243; header_2_font=&#8220;|700|||||||&#8220;]<p><span>Die\u00a0<\/span>solarhybrid AG<span>\u00a0ist Projektentwickler und EPC f\u00fcr Turn-Key Photovoltaik-Kraftwerke im Multi-Megawattbereich.<\/span><br \/><span>Velten Softwaresysteme entwickelte eine Barcode-Scanner Software f\u00fcr mobile Scanner zur Erfassung der Photovoltaik Module.\u00a0<\/span><span>Nach Installation aller PV-Module auf den Solarparks werden die Module mit robusten, mobilen Scannern von Velten Softwaresysteme GmbH gescannt. Dabei werden alle Module den entsprechenden Baufeldern, Reihen und Ebenen des Solar-Kraftwerkes zugeordnet.<\/span><br \/><span>\u00dcber einen Datenabgleich mit den Baupl\u00e4nen wird die korrekte String-Zuordnung gew\u00e4hrleistet. Weiterhin erh\u00e4lt der Kunde nach Abschluss der Scanning-Arbeiten die komplette Information \u00fcber alle verbauten Module, die Zuordnung zu den einzelnen Strings und Wechselrichtern und die Leistungsdaten aller PV-Module in Form von entsprechend aufbereiteten Flash-Listen. Bis jetzt wurden mit der Software schon fast eine halbe Million Module gescannt.<\/span><\/p>\n<p><span><\/span><\/p>\n<h2>Online Software f\u00fcr TV-Spot von Solarhybrid entwickelt<\/h2>\n<p><span>Die Velten Softwaresysteme GmbH hat f\u00fcr die solarhybrid AG die in der TV Kampagne in 2010 beworbene Angebots- software &#8222;Zapf die Sonne an&#8220; erstellt.\u00a0<\/span><span>Im August und September 2010 lief auf verschiedene Kan\u00e4len des deutschen Fernsehens der TV-Spot &#8222;Zapf die Sonne an&#8220; der solarhybrid AG. Unter der Internetadresse www.zapfdiesonnean.de konnte sich der interessierte Endkunde ein komplettes Angebot, f\u00fcr eine Solarhybrid Solarstromanlage, mit wenigen Mausklicks erstellen. Velten Softwaresysteme GmbH \u00fcbernahm hierbei die komplette Koordination und Entwicklung des Wokflows, die Bereitstellung der entsprechenden Serverkapazit\u00e4ten und die Programmierung der Software.<br \/>F\u00fcr weitere Informationen rufen Sie uns bitte an oder schicken Sie uns eine Mail.<\/span><\/p>\n<p><span><\/span><\/p>\n<h2>ERP und Vertriebssoftware f\u00fcr Solar Hybrid AG, Brilon<\/h2>\n<p><span>Als Weltneuheit pr\u00e4sentiert\u00a0<\/span><span>die Solarhybrid AG den\u00a0<\/span><span>Hybrid-Kollektor, der Solar<\/span><span>thermie und Photovoltaik vereint.\u00a0<\/span><span>Mit dieser neuen Generation von Sonnenkollektoren setzt das Unternehmen international Ma\u00dfst\u00e4be. Die Solarhybrid AG ist f\u00fchrend bei der effizienten W\u00e4rme- und Stromerzeugung sowie bei der Installation einer zukunftsweisenden Systemtechnik.\u00a0<\/span><span>Das Unternehmen bietet einen optimalen Produktmix, um Ein- und Mehrfamilienh\u00e4user sowie Objekte mit hohem W\u00e4rmebedarf wie Hotels, Krankenh\u00e4user, Altenheime und Hallenschwimmb\u00e4der mit regenerativer Energie zu versorgen. Die Solarhybrid AG hat bundesweit rund 400 Fachhandelspartner, die den Kunden ein auf individuelle Anforderungen zugeschnittenes Solarhybrid-System anbieten.\u00a0<\/span><span>Die Velten Softwaresysteme GmbH f\u00fchrte bei der Solarhybrid AG ein ERP-System von Sage ein. Wir f\u00fchrten die Beratung, Installation, und das Customizing der Anwendung durch. Die einzelnen ERP-Module (Rechnungswesen, Warenwirtschaft, Produktion, CRM, Dokumentenmanagementsystem) wurden von uns angepasst. Dabei wurden die spezifischen Anforderungen eines Unternehmens aus der Solarbranche entsprechen ber\u00fccksichtigt. Unsere jahrelangen Erfahrungen im Bereich kaufm\u00e4nnischer Software trugen hierbei zur optimalen Umsetzung des Unternehmensprozesses bei.<\/span><\/p>\n<p><span>Wir konnten Zusatzmodule zur Wareneingangsetikettierung und Warenausgangsetikettierung entwickeln. Wir stellten eine Terminal-gest\u00fctzte Zeiterfassung f\u00fcr die Produktionsmitarbeiter zur Verf\u00fcgung. Zur Vertriebsunterst\u00fctzung entwickelten wir eine Software, die sowohl den Au\u00dfendienstmitarbeitern als auch den Fachhandelspartnern von Solarhybrid die Erstellung einer kompletten Solaranlage inklusiver aller Komponenten mit wenigen Mausklicks erm\u00f6glicht.<\/span><\/p>\n<p><span>Die Vertriebssoftware &#8222;SoHy&#8220; integriert eine Schnittstelle zu Google-Maps und eine Schnittstelle zur JRC-Datenbank der Europ\u00e4ischen Kommission (Online-Datenbank der EU zu Sonneneinstrahlungswerten und\u00a0daraus zu erwartenden Stromertr\u00e4gen f\u00fcr einen exakt definierten Standort). Neben der Auslegung der Solaranlage und der Erstellung eines kompletten Angebotes bietet die Software auch einen Finanzierungsrechner und eine sehr umfangreiche und detaillierte Rentabilit\u00e4tsrechnung.<\/span><\/p>\n[\/et_pb_text][\/et_pb_column][\/et_pb_row][\/et_pb_section][et_pb_section fb_built=&#8220;1&#8243; admin_label=&#8220;Portfolio Section&#8220; _builder_version=&#8220;4.1&#8243; background_color=&#8220;#ffffff&#8220; custom_margin=&#8220;|||&#8220; custom_padding=&#8220;0px|0px|90px|0px&#8220;][et_pb_row column_structure=&#8220;1_2,1_2&#8243; admin_label=&#8220;Portfolio Area&#8220; _builder_version=&#8220;4.1&#8243; custom_padding=&#8220;0px|0px|27px|0px&#8220; use_custom_width=&#8220;on&#8220; custom_width_px=&#8220;1440px&#8220;][et_pb_column type=&#8220;1_2&#8243; _builder_version=&#8220;3.25&#8243; custom_padding=&#8220;200px|||&#8220; custom_padding_tablet=&#8220;0px|||&#8220; custom_padding_phone=&#8220;&#8220; custom_padding_last_edited=&#8220;on|desktop&#8220; padding_tablet=&#8220;0px|||&#8220; padding_last_edited=&#8220;on|desktop&#8220; custom_padding__hover=&#8220;|||&#8220;][et_pb_image src=&#8220;https:\/\/vsnet.de\/wp-content\/uploads\/2020\/02\/Velten-Referenzen-04-Solarhybrid-5.png&#8220; force_fullwidth=&#8220;on&#8220; align_tablet=&#8220;center&#8220; align_phone=&#8220;&#8220; align_last_edited=&#8220;on|desktop&#8220; _builder_version=&#8220;4.1&#8243; animation_style=&#8220;slide&#8220; animation_direction=&#8220;left&#8220; animation_intensity_slide=&#8220;5%&#8220; animation_starting_opacity=&#8220;100%&#8220; hover_enabled=&#8220;0&#8243; custom_margin_last_edited=&#8220;on|phone&#8220; custom_padding=&#8220;100px||||false|false&#8220;][\/et_pb_image][et_pb_image src=&#8220;https:\/\/vsnet.de\/wp-content\/uploads\/2020\/02\/Velten-Referenzen-04-Solarhybrid-1.png&#8220; force_fullwidth=&#8220;on&#8220; align_tablet=&#8220;center&#8220; align_phone=&#8220;&#8220; align_last_edited=&#8220;on|desktop&#8220; _builder_version=&#8220;4.1&#8243; animation_style=&#8220;slide&#8220; animation_direction=&#8220;left&#8220; animation_intensity_slide=&#8220;5%&#8220; animation_starting_opacity=&#8220;100%&#8220; hover_enabled=&#8220;0&#8243; custom_margin_last_edited=&#8220;on|phone&#8220; custom_margin_phone=&#8220;-100px||-100px||false|false&#8220;][\/et_pb_image][\/et_pb_column][et_pb_column type=&#8220;1_2&#8243; _builder_version=&#8220;3.25&#8243; custom_padding=&#8220;|||&#8220; custom_padding_last_edited=&#8220;off|desktop&#8220; padding_last_edited=&#8220;off|desktop&#8220; custom_padding__hover=&#8220;|||&#8220;][et_pb_image src=&#8220;https:\/\/vsnet.de\/wp-content\/uploads\/2020\/02\/Velten-Referenzen-04-Solarhybrid-2.png&#8220; force_fullwidth=&#8220;on&#8220; align_tablet=&#8220;center&#8220; align_phone=&#8220;&#8220; align_last_edited=&#8220;on|desktop&#8220; _builder_version=&#8220;4.1&#8243; custom_margin=&#8220;-200px||||false|false&#8220; custom_margin_tablet=&#8220;-100px||||false|false&#8220; custom_margin_phone=&#8220;-100px||||false|false&#8220; custom_margin_last_edited=&#8220;on|phone&#8220; animation_style=&#8220;slide&#8220; animation_direction=&#8220;bottom&#8220; animation_intensity_slide=&#8220;5%&#8220; animation_starting_opacity=&#8220;100%&#8220;][\/et_pb_image][et_pb_image src=&#8220;https:\/\/vsnet.de\/wp-content\/uploads\/2020\/02\/Velten-Referenzen-04-Solarhybrid-3.png&#8220; force_fullwidth=&#8220;on&#8220; align_tablet=&#8220;center&#8220; align_phone=&#8220;&#8220; align_last_edited=&#8220;on|desktop&#8220; _builder_version=&#8220;4.1&#8243; custom_margin=&#8220;-200px||||false|false&#8220; custom_margin_tablet=&#8220;&#8220; custom_margin_phone=&#8220;-100px||||false|false&#8220; custom_margin_last_edited=&#8220;on|phone&#8220; animation_style=&#8220;slide&#8220; animation_direction=&#8220;bottom&#8220; animation_intensity_slide=&#8220;5%&#8220; animation_starting_opacity=&#8220;100%&#8220;][\/et_pb_image][et_pb_image src=&#8220;https:\/\/vsnet.de\/wp-content\/uploads\/2020\/02\/Velten-Referenzen-04-Solarhybrid-4.png&#8220; force_fullwidth=&#8220;on&#8220; align_tablet=&#8220;center&#8220; align_phone=&#8220;&#8220; align_last_edited=&#8220;on|desktop&#8220; _builder_version=&#8220;4.1&#8243; custom_margin=&#8220;-200px||||false|false&#8220; custom_margin_tablet=&#8220;&#8220; custom_margin_phone=&#8220;-100px||||false|false&#8220; custom_margin_last_edited=&#8220;on|tablet&#8220; animation_style=&#8220;slide&#8220; animation_direction=&#8220;bottom&#8220; animation_intensity_slide=&#8220;5%&#8220; animation_starting_opacity=&#8220;100%&#8220; hover_enabled=&#8220;0&#8243;][\/et_pb_image][\/et_pb_column][\/et_pb_row][\/et_pb_section]\n","protected":false},"excerpt":{"rendered":"<p>Solarhybrid Die\u00a0solarhybrid AG\u00a0ist Projektentwickler und EPC f\u00fcr Turn-Key Photovoltaik-Kraftwerke im Multi-Megawattbereich.Velten Softwaresysteme entwickelte eine Barcode-Scanner Software f\u00fcr mobile Scanner zur Erfassung der Photovoltaik Module.\u00a0Nach Installation aller PV-Module auf den Solarparks werden die Module mit robusten, mobilen Scannern von Velten Softwaresysteme GmbH gescannt. Dabei werden alle Module den entsprechenden Baufeldern, Reihen und Ebenen des Solar-Kraftwerkes zugeordnet.\u00dcber [&hellip;]<\/p>\n","protected":false},"author":1,"featured_media":0,"parent":208,"menu_order":4,"comment_status":"closed","ping_status":"closed","template":"","meta":{"_et_pb_use_builder":"on","_et_pb_old_content":"","_et_gb_content_width":""},"_links":{"self":[{"href":"https:\/\/vsnet.de\/index.php\/wp-json\/wp\/v2\/pages\/247"}],"collection":[{"href":"https:\/\/vsnet.de\/index.php\/wp-json\/wp\/v2\/pages"}],"about":[{"href":"https:\/\/vsnet.de\/index.php\/wp-json\/wp\/v2\/types\/page"}],"author":[{"embeddable":true,"href":"https:\/\/vsnet.de\/index.php\/wp-json\/wp\/v2\/users\/1"}],"replies":[{"embeddable":true,"href":"https:\/\/vsnet.de\/index.php\/wp-json\/wp\/v2\/comments?post=247"}],"version-history":[{"count":3,"href":"https:\/\/vsnet.de\/index.php\/wp-json\/wp\/v2\/pages\/247\/revisions"}],"predecessor-version":[{"id":256,"href":"https:\/\/vsnet.de\/index.php\/wp-json\/wp\/v2\/pages\/247\/revisions\/256"}],"up":[{"embeddable":true,"href":"https:\/\/vsnet.de\/index.php\/wp-json\/wp\/v2\/pages\/208"}],"wp:attachment":[{"href":"https:\/\/vsnet.de\/index.php\/wp-json\/wp\/v2\/media?parent=247"}],"curies":[{"name":"wp","href":"https:\/\/api.w.org\/{rel}","templated":true}]}}