{"id":265,"date":"2020-02-18T09:33:19","date_gmt":"2020-02-18T09:33:19","guid":{"rendered":"https:\/\/vsnet.de\/?page_id=265"},"modified":"2021-12-07T19:23:52","modified_gmt":"2021-12-07T19:23:52","slug":"wunschgutschein","status":"publish","type":"page","link":"https:\/\/vsnet.de\/index.php\/referenzen\/wunschgutschein\/","title":{"rendered":"Wunschgutschein"},"content":{"rendered":"<p>[et_pb_section fb_built=&#8220;1&#8243; admin_label=&#8220;Class Details Section&#8220; _builder_version=&#8220;4.1&#8243; background_color=&#8220;#a1cbc9&#8243; custom_padding=&#8220;90px||100px||false|false&#8220;][et_pb_row admin_label=&#8220;Class Details Area&#8220; _builder_version=&#8220;3.25&#8243; custom_padding=&#8220;27px|0px|60px|0px&#8220;][et_pb_column type=&#8220;4_4&#8243; _builder_version=&#8220;3.25&#8243; custom_padding=&#8220;|||&#8220; custom_padding__hover=&#8220;|||&#8220;][et_pb_text admin_label=&#8220;Title&#8220; _builder_version=&#8220;4.1&#8243; text_font=&#8220;||||||||&#8220; header_font=&#8220;||||||||&#8220; header_2_font=&#8220;Poppins|600|||||||&#8220; header_2_text_align=&#8220;center&#8220; header_2_font_size=&#8220;36px&#8220; header_2_line_height=&#8220;1.2em&#8220; custom_margin=&#8220;||0px|&#8220; custom_padding=&#8220;|||&#8220; animation_style=&#8220;fade&#8220;]<\/p>\n<h2>Wunschgutschein GmbH<\/h2>\n<p>[\/et_pb_text][et_pb_divider divider_position=&#8220;center&#8220; divider_weight=&#8220;3px&#8220; _builder_version=&#8220;4.1&#8243; max_width=&#8220;40px&#8220; module_alignment=&#8220;center&#8220; animation_style=&#8220;slide&#8220; animation_direction=&#8220;top&#8220; animation_intensity_slide=&#8220;10%&#8220; animation_starting_opacity=&#8220;100%&#8220;][\/et_pb_divider][\/et_pb_column][\/et_pb_row][et_pb_row admin_label=&#8220;Description Text Area&#8220; _builder_version=&#8220;4.1&#8243;][et_pb_column type=&#8220;4_4&#8243; _builder_version=&#8220;3.25&#8243; custom_padding=&#8220;|||&#8220; custom_padding__hover=&#8220;|||&#8220;][et_pb_text _builder_version=&#8220;4.1&#8243; text_font=&#8220;Poppins||||||||&#8220; text_font_size=&#8220;18px&#8220; text_line_height=&#8220;1.8em&#8220; animation_style=&#8220;fade&#8220;]<\/p>\n<p><span>Die Wunschgutschein GmbH steht f\u00fcr <\/span><\/p>\n<ul>\n<li><span>Entwicklung, Produktion und Hybrid-Vermarktung innovativer Geschenkkarten- und Prepaidprodukte<\/span><\/li>\n<li><span>Vertrieb \u00fcber den station\u00e4ren Handel &#8211; Einl\u00f6sung auf den betriebenen Online-Portalen<\/span><span><\/span><\/li>\n<li><span>Eigene exakt auf die Bed\u00fcrfnisse angepasste Produktion TWO-STEPP-VOUCHER<\/span><\/li>\n<li><span>Fokussierung auf Two-Stepp-Voucher-L\u00f6sungen mit Positionierung als Geschenkl\u00f6sung <\/span><\/li>\n<li><span>Kreation bisher nicht existenter Produkte mit flexibler Einl\u00f6sbarkeit f\u00fcr den Endkunden \/ Beschenkten<\/span><\/li>\n<\/ul>\n<p>[\/et_pb_text][\/et_pb_column][\/et_pb_row][\/et_pb_section][et_pb_section fb_built=&#8220;1&#8243; admin_label=&#8220;Portfolio Section&#8220; _builder_version=&#8220;4.1&#8243; background_color=&#8220;#ffffff&#8220; custom_margin=&#8220;|||&#8220; custom_padding=&#8220;0px|0px|90px|0px&#8220;][et_pb_row column_structure=&#8220;1_2,1_2&#8243; admin_label=&#8220;Portfolio Area&#8220; _builder_version=&#8220;4.1&#8243; custom_padding=&#8220;0px|0px|27px|0px&#8220; use_custom_width=&#8220;on&#8220; custom_width_px=&#8220;1440px&#8220;][et_pb_column type=&#8220;1_2&#8243; _builder_version=&#8220;3.25&#8243; custom_padding=&#8220;200px|||&#8220; custom_padding_tablet=&#8220;0px|||&#8220; custom_padding_phone=&#8220;&#8220; custom_padding_last_edited=&#8220;on|desktop&#8220; padding_tablet=&#8220;0px|||&#8220; padding_last_edited=&#8220;on|desktop&#8220; custom_padding__hover=&#8220;|||&#8220;][et_pb_text _builder_version=&#8220;4.1&#8243; text_font=&#8220;Poppins||||||||&#8220; text_font_size=&#8220;18px&#8220; text_line_height=&#8220;1.8em&#8220; min_height=&#8220;388px&#8220; animation_style=&#8220;fade&#8220;]<\/p>\n<p>Die Velten Softwaresysteme GmbH begleitet die Wunschgutschein GmbH seit Gr\u00fcndung als Startup-Unternehmen mit innovativen L\u00f6sungen rund um das Kerngesch\u00e4ft des Unternehmens. Heute werden alle relevanten Prozesse f\u00fcr den station\u00e4ren und online Vertrieb von uns betreut und weiter entwickelt. Unsere Schnittstellen zu 90 % der Retailer in Deutschland gew\u00e4hrleisten ein weiterhin stabiles Wachstum auf sehr hohem Niveau. Wir begleiten und treiben weiter die Internationalisierung des Unternehmens voran und gew\u00e4hrleisten in allen Bereichen eine schnelle Markteinf\u00fchrung. Der Produktionsprozess wird durch unsere Software komplett automatisiert gesteuert . Die vollumf\u00e4ngliche Abwicklung des Third-Party Gesch\u00e4ftes \u00fcber unsere L\u00f6sungen und ein Datawarehouse f\u00fcr das Unternhemens-Reporting runden den Leistungsumfang f\u00fcr die Wunschgutschein GmbH ab.<\/p>\n<p><span style=\"font-size: 18px;\">Wir konnten hier unser Leitmotto &#8222;Agilit\u00e4t&#8220; im besten Sinne umsetzten und unsere Leistungsf\u00e4higkeit demonstrieren.<\/span><\/p>\n<p>[\/et_pb_text][\/et_pb_column][et_pb_column type=&#8220;1_2&#8243; _builder_version=&#8220;3.25&#8243; custom_padding=&#8220;|||&#8220; custom_padding_last_edited=&#8220;off|desktop&#8220; padding_last_edited=&#8220;off|desktop&#8220; custom_padding__hover=&#8220;|||&#8220;][et_pb_image src=&#8220;https:\/\/vsnet.de\/wp-content\/uploads\/2020\/02\/Velten-Referenzen-01-Digital-Wishes-2.png&#8220; force_fullwidth=&#8220;on&#8220; align_tablet=&#8220;center&#8220; align_phone=&#8220;&#8220; align_last_edited=&#8220;on|desktop&#8220; _builder_version=&#8220;4.1&#8243; custom_margin=&#8220;-200px||-50px||false|false&#8220; custom_margin_tablet=&#8220;&#8220; custom_margin_phone=&#8220;&#8220; custom_margin_last_edited=&#8220;on|phone&#8220; animation_style=&#8220;slide&#8220; animation_direction=&#8220;bottom&#8220; animation_intensity_slide=&#8220;5%&#8220; animation_starting_opacity=&#8220;100%&#8220;][\/et_pb_image][et_pb_image src=&#8220;https:\/\/vsnet.de\/wp-content\/uploads\/2020\/02\/Velten-Referenzen-01-Digital-Wishes-4.png&#8220; force_fullwidth=&#8220;on&#8220; align_tablet=&#8220;center&#8220; align_phone=&#8220;&#8220; align_last_edited=&#8220;on|desktop&#8220; _builder_version=&#8220;4.1&#8243; animation_style=&#8220;slide&#8220; animation_direction=&#8220;right&#8220; animation_intensity_slide=&#8220;5%&#8220; animation_starting_opacity=&#8220;100%&#8220; locked=&#8220;off&#8220;][\/et_pb_image][\/et_pb_column][\/et_pb_row][\/et_pb_section]<\/p>\n","protected":false},"excerpt":{"rendered":"<p>Wunschgutschein GmbHDie Wunschgutschein GmbH steht f\u00fcr Entwicklung, Produktion und Hybrid-Vermarktung innovativer Geschenkkarten- und Prepaidprodukte Vertrieb \u00fcber den station\u00e4ren Handel &#8211; Einl\u00f6sung auf den betriebenen Online-Portalen Eigene exakt auf die Bed\u00fcrfnisse angepasste Produktion TWO-STEPP-VOUCHER Fokussierung auf Two-Stepp-Voucher-L\u00f6sungen mit Positionierung als Geschenkl\u00f6sung Kreation bisher nicht existenter Produkte mit flexibler Einl\u00f6sbarkeit f\u00fcr den Endkunden \/ Beschenkten Die Velten [&hellip;]<\/p>\n","protected":false},"author":1,"featured_media":0,"parent":208,"menu_order":1,"comment_status":"closed","ping_status":"closed","template":"","meta":{"_et_pb_use_builder":"on","_et_pb_old_content":"","_et_gb_content_width":""},"_links":{"self":[{"href":"https:\/\/vsnet.de\/index.php\/wp-json\/wp\/v2\/pages\/265"}],"collection":[{"href":"https:\/\/vsnet.de\/index.php\/wp-json\/wp\/v2\/pages"}],"about":[{"href":"https:\/\/vsnet.de\/index.php\/wp-json\/wp\/v2\/types\/page"}],"author":[{"embeddable":true,"href":"https:\/\/vsnet.de\/index.php\/wp-json\/wp\/v2\/users\/1"}],"replies":[{"embeddable":true,"href":"https:\/\/vsnet.de\/index.php\/wp-json\/wp\/v2\/comments?post=265"}],"version-history":[{"count":6,"href":"https:\/\/vsnet.de\/index.php\/wp-json\/wp\/v2\/pages\/265\/revisions"}],"predecessor-version":[{"id":338,"href":"https:\/\/vsnet.de\/index.php\/wp-json\/wp\/v2\/pages\/265\/revisions\/338"}],"up":[{"embeddable":true,"href":"https:\/\/vsnet.de\/index.php\/wp-json\/wp\/v2\/pages\/208"}],"wp:attachment":[{"href":"https:\/\/vsnet.de\/index.php\/wp-json\/wp\/v2\/media?parent=265"}],"curies":[{"name":"wp","href":"https:\/\/api.w.org\/{rel}","templated":true}]}}